{"id":588,"date":"2019-04-15T12:29:31","date_gmt":"2019-04-15T12:29:31","guid":{"rendered":"https:\/\/rigoutat.buffet-multisite.buffet-preprod-02.modulodigital.com\/?page_id=588"},"modified":"2019-04-15T12:33:18","modified_gmt":"2019-04-15T12:33:18","slug":"enregistrer-mon-instrument","status":"publish","type":"page","link":"http:\/\/rigoutat.buffet-multisite.buffet-preprod-02.modulodigital.com\/fr\/enregistrer-mon-instrument\/","title":{"rendered":"Enregistrer mon instrument"},"content":{"rendered":"<p>Ch\u00e8re Musicienne, Cher Musicien,<\/p>\n<p>Nous vous remercions d\u2019avoir choisi Rigoutat.<br \/>\nVotre instrument est pr\u00e9cieux, il m\u00e9rite votre respect et vos soins attentifs.<br \/>\nCette page contient des instructions tr\u00e8s simples concernant sa garantie, son utilisation et son entretien. Lisez-le attentivement.<br \/>\nN\u2019h\u00e9sitez pas \u00e0 demander conseil \u00e0 votre revendeur.<\/p>\n<p>&nbsp;<\/p>\n<form method=\"post\" enctype=\"multipart\/form-data\" id=\"vfbp-form-3\" class=\"vfbp-form\">\n<div style=\"display:none;\"><label for=\"vfbp-EMAIL-AN8fuQyoDLXem\">Si vous \u00eates humain, laissez ce champ vide.<\/label><input size=\"25\" autocomplete=\"off\" type=\"text\" name=\"vfbp-EMAIL-AN8fuQyoDLXem\" value=\"\" id=\"\"><\/div>\n<p><input type=\"hidden\" name=\"_vfb-timestamp-3\" value=\"1775325499\" id=\"\"><input type=\"hidden\" name=\"_vfb-form-id\" value=\"3\" id=\"\"><\/p>\n<div class=\"vfb-form-group vfb-col-12\">\n<div>\n<div class=\"\">Enregistrer votre instrument<\/div>\n<\/div>\n<\/div>\n<div class=\"vfb-col-12 vfb-fieldType-heading\" id=\"vfbField17\"><\/div>\n<div class=\"vfb-clearfix\"><\/div>\n<div class=\"vfb-col-12 vfb-fieldType-text\" id=\"vfbField18\">\n<div class=\"vfb-form-group\"><label for=\"vfb-field-18\" class=\"vfb-control-label\">Nom <span class=\"vfb-required-asterisk\">*<\/span><\/label><\/p>\n<div><input id=\"vfb-field-18\" class=\"vfb-form-control\" placeholder=\"\" required=\"required\" type=\"text\" name=\"vfb-field-18\" value=\"\"><\/div>\n<\/div>\n<\/div>\n<div class=\"vfb-clearfix\"><\/div>\n<div class=\"vfb-col-12 vfb-fieldType-text\" id=\"vfbField19\">\n<div class=\"vfb-form-group\"><label for=\"vfb-field-19\" class=\"vfb-control-label\">Pr\u00e9nom <span class=\"vfb-required-asterisk\">*<\/span><\/label><\/p>\n<div><input id=\"vfb-field-19\" class=\"vfb-form-control\" placeholder=\"\" required=\"required\" type=\"text\" name=\"vfb-field-19\" value=\"\"><\/div>\n<\/div>\n<\/div>\n<div class=\"vfb-clearfix\"><\/div>\n<div class=\"vfb-col-12 vfb-fieldType-email\" id=\"vfbField20\">\n<div class=\"vfb-form-group\"><label for=\"vfb-field-20\" class=\"vfb-control-label\">Adresse de messagerie <span class=\"vfb-required-asterisk\">*<\/span><\/label><\/p>\n<div><input id=\"vfb-field-20\" class=\"vfb-form-control\" placeholder=\"\" required=\"required\" type=\"email\" name=\"vfb-field-20\" value=\"\"><\/div>\n<\/div>\n<\/div>\n<div class=\"vfb-clearfix\"><\/div>\n<div class=\"vfb-col-12 vfb-fieldType-address\" id=\"vfbField21\">\n<div class=\"vfb-form-group\"><label for=\"vfb-field-21\" class=\"vfb-control-label\">Addresse <span class=\"vfb-required-asterisk\">*<\/span><\/label><\/p>\n<div class=\"vfb-address-block\" id=\"vfb-field-21\">\n<div class=\"vfb-form-group\" style=\"\"><input id=\"vfb-field-21-address-1\" class=\"vfb-form-control vfb-addresspart-address-1\" placeholder=\"\" required=\"required\" type=\"text\" name=\"vfb-field-21[address-1]\"><\/div>\n<div class=\"vfb-form-group\" style=\"\"><label for=\"vfb-field-21-address-2\" class=\"vfb-address-label\">Apt, suite, etc.<\/label><input id=\"vfb-field-21-address-2\" class=\"vfb-form-control vfb-addresspart-address-2\" placeholder=\"\" required=\"required\" type=\"text\" name=\"vfb-field-21[address-2]\"><\/div>\n<div class=\"vfb-form-group\" style=\"\"><label for=\"vfb-field-21-country\" class=\"vfb-address-label\">Pays<\/label><select id=\"vfb-field-21-country\" class=\"vfb-form-control vfb-addresspart-country\" placeholder=\"\" required=\"required\" name=\"vfb-field-21[country]\"><option value=\"US\">\u00c9tats-Unis (US)<\/option><option value=\"GB\">Royaume-Uni (UK)<\/option><option value=\"CA\">Canada<\/option><option value=\"AU\">Australie<\/option><option value=\"\" selected='selected'>---<\/option><option value=\"AF\">Afghanistan<\/option><option value=\"AX\">&#197;land Islands<\/option><option value=\"AL\">Albanie<\/option><option value=\"DZ\">Alg\u00e9rie<\/option><option value=\"AD\">Andorre<\/option><option value=\"AO\">Angola<\/option><option value=\"AI\">Anguilla<\/option><option value=\"AQ\">Antarctique<\/option><option value=\"AG\">Antigua-et-Barbuda<\/option><option value=\"AR\">Argentine<\/option><option value=\"AM\">Arm\u00e9nie<\/option><option value=\"AW\">Aruba<\/option><option value=\"AS\">Samoa am\u00e9ricaines<\/option><option value=\"AT\">Autriche<\/option><option value=\"AZ\">Azerbaijan<\/option><option value=\"BS\">Bahamas<\/option><option value=\"BH\">Bahrain<\/option><option value=\"BD\">Bangladesh<\/option><option value=\"BB\">Barbade<\/option><option value=\"BY\">Bi\u00e9lorussie<\/option><option value=\"BE\">Belgique<\/option><option value=\"PW\">Belau<\/option><option value=\"BZ\">Belize<\/option><option value=\"BJ\">Benin<\/option><option value=\"BM\">Bermude<\/option><option value=\"BT\">Bhoutan<\/option><option value=\"BO\">Bolivie<\/option><option value=\"BQ\">Bonaire, Saint-Eustache et Saba<\/option><option value=\"BA\">Bosnie Herz\u00e9govine<\/option><option value=\"BW\">Botswana<\/option><option value=\"BV\">\u00cele de Bouvet<\/option><option value=\"BR\">Br\u00e9zil<\/option><option value=\"IO\">Territoire britannique de l'oc\u00e9an Indien<\/option><option value=\"VG\">\u00celes Vierges britanniques<\/option><option value=\"BN\">Brunei<\/option><option value=\"BG\">Bulgarie<\/option><option value=\"BF\">Burkina Faso<\/option><option value=\"BI\">Burundi<\/option><option value=\"KH\">Cambodge<\/option><option value=\"CM\">Cameroon<\/option><option value=\"CV\">Cap-Vert<\/option><option value=\"KY\">\u00celes Ca\u00efmans<\/option><option value=\"CF\">R\u00e9publique centrafricaine<\/option><option value=\"TD\">Chad<\/option><option value=\"CL\">Chili<\/option><option value=\"CN\">Chine<\/option><option value=\"CX\">L'\u00eele de no\u00ebl<\/option><option value=\"CC\">\u00celes Cocos (Keeling)<\/option><option value=\"CO\">Colombie<\/option><option value=\"KM\">Comores<\/option><option value=\"CG\">Congo (Brazzaville)<\/option><option value=\"CD\">Congo (Kinshasa)<\/option><option value=\"CK\">les \u00celes Cook<\/option><option value=\"CR\">Costa Rica<\/option><option value=\"HR\">Croatie<\/option><option value=\"CU\">Cuba<\/option><option value=\"CW\">Cura&Ccedil;ao<\/option><option value=\"CY\">Chypre<\/option><option value=\"CZ\">R\u00e9publique Tch\u00e8que<\/option><option value=\"DK\">Danemark<\/option><option value=\"DJ\">Djibouti<\/option><option value=\"DM\">Dominique<\/option><option value=\"DO\">R\u00e9publique Dominicaine<\/option><option value=\"EC\">\u00c9quateur<\/option><option value=\"EG\">Egypte<\/option><option value=\"SV\">El Salvador<\/option><option value=\"GQ\">Guin\u00e9e \u00c9quatoriale<\/option><option value=\"ER\">\u00c9rythr\u00e9e<\/option><option value=\"EE\">Estonie<\/option><option value=\"ET\">\u00c9thiopie<\/option><option value=\"FK\">les \u00eeles Falkland<\/option><option value=\"FO\">\u00celes F\u00e9ro\u00e9<\/option><option value=\"FJ\">Fiji<\/option><option value=\"FI\">Finlande<\/option><option value=\"FR\">France<\/option><option value=\"GF\">Guin\u00e9e Fran\u00e7aise<\/option><option value=\"PF\">Polyn\u00e9sie fran\u00e7aise<\/option><option value=\"TF\">Territoires du Sud fran\u00e7ais<\/option><option value=\"GA\">Gabon<\/option><option value=\"GM\">Gambie<\/option><option value=\"GE\">Georgia<\/option><option value=\"DE\">Allemagne<\/option><option value=\"GH\">Ghana<\/option><option value=\"GI\">Gibraltar<\/option><option value=\"GR\">Gr\u00e8ce<\/option><option value=\"GL\">Groenland<\/option><option value=\"GD\">Grenade<\/option><option value=\"GP\">Guadeloupe<\/option><option value=\"GT\">Guatemala<\/option><option value=\"GG\">Guernesey<\/option><option value=\"GN\">Guin\u00e9e<\/option><option value=\"GW\">Guin\u00e9e-Bissau<\/option><option value=\"GY\">Guyane<\/option><option value=\"HT\">Haiti<\/option><option value=\"HM\">\u00celes Heard et McDonald<\/option><option value=\"HN\">Honduras<\/option><option value=\"HK\">Hong Kong<\/option><option value=\"HU\">Hongrie<\/option><option value=\"IS\">Islande<\/option><option value=\"IN\">Inde<\/option><option value=\"ID\">Indon\u00e9sie<\/option><option value=\"IR\">Iran<\/option><option value=\"IQ\">Iraq<\/option><option value=\"IE\">R\u00e9publique d'Irlande<\/option><option value=\"IM\">Isle of Man<\/option><option value=\"IL\">Israel<\/option><option value=\"IT\">Italie<\/option><option value=\"CI\">C\u00f4te d'Ivoire<\/option><option value=\"JM\">Jama\u00efque<\/option><option value=\"JP\">Japon<\/option><option value=\"JE\">Jersey<\/option><option value=\"JO\">Jordanie<\/option><option value=\"KZ\">Kazakhstan<\/option><option value=\"KE\">Kenya<\/option><option value=\"KI\">Kiribati<\/option><option value=\"KW\">Kuwait<\/option><option value=\"KG\">Kyrgyzstan<\/option><option value=\"LA\">Laos<\/option><option value=\"LV\">Lettonie<\/option><option value=\"LB\">Liban<\/option><option value=\"LS\">Lesotho<\/option><option value=\"LR\">Lib\u00e9ria<\/option><option value=\"LY\">Libie<\/option><option value=\"LI\">Liechtenstein<\/option><option value=\"LT\">Lithuanie<\/option><option value=\"LU\">Luxembourg<\/option><option value=\"MO\">Macao S.A.R., Chine<\/option><option value=\"MK\">Mac\u00e9donie<\/option><option value=\"MG\">Madagascar<\/option><option value=\"MW\">Malawi<\/option><option value=\"MY\">Malaisie<\/option><option value=\"MV\">Maldives<\/option><option value=\"ML\">Mali<\/option><option value=\"MT\">Malte<\/option><option value=\"MH\">Iles Marshall<\/option><option value=\"MQ\">Martinique<\/option><option value=\"MR\">Mauritanie<\/option><option value=\"MU\">Maurice<\/option><option value=\"YT\">Mayotte<\/option><option value=\"MX\">Mexique<\/option><option value=\"FM\">Micron\u00e9sie<\/option><option value=\"MD\">Moldavie<\/option><option value=\"MC\">Monaco<\/option><option value=\"MN\">Mongolie<\/option><option value=\"ME\">Montenegro<\/option><option value=\"MS\">Montserrat<\/option><option value=\"MA\">Maroc<\/option><option value=\"MZ\">Mozambique<\/option><option value=\"MM\">Myanmar<\/option><option value=\"NA\">Namibie<\/option><option value=\"NR\">Nauru<\/option><option value=\"NP\">Nepal<\/option><option value=\"NL\">Pays-Bas<\/option><option value=\"AN\">Antilles n\u00e9erlandaises<\/option><option value=\"NC\">Nouvelle Cal\u00e9donie<\/option><option value=\"NZ\">Nouvelle-Z\u00e9lande<\/option><option value=\"NI\">Nicaragua<\/option><option value=\"NE\">Niger<\/option><option value=\"NG\">Nigeria<\/option><option value=\"NU\">Niue<\/option><option value=\"NF\">\u00cele de Norfolk<\/option><option value=\"KP\">Cor\u00e9e du Nord<\/option><option value=\"NO\">Norv\u00e8ge<\/option><option value=\"OM\">Oman<\/option><option value=\"PK\">Pakistan<\/option><option value=\"PS\">Territoire Palestinien<\/option><option value=\"PA\">Panama<\/option><option value=\"PG\">Papouasie Nouvelle Guin\u00e9e<\/option><option value=\"PY\">Paraguay<\/option><option value=\"PE\">P\u00e9rou<\/option><option value=\"PH\">Philippines<\/option><option value=\"PN\">Pitcairn<\/option><option value=\"PL\">Pologne<\/option><option value=\"PT\">Portugal<\/option><option value=\"QA\">Qatar<\/option><option value=\"RE\">Reunion<\/option><option value=\"RO\">Roumanie<\/option><option value=\"RU\">Russie<\/option><option value=\"RW\">Rwanda<\/option><option value=\"BL\">Saint-Barth\u00e9lemy<\/option><option value=\"SH\">Sainte-H\u00e9l\u00e8ne<\/option><option value=\"KN\">Saint-Christophe-et-Ni\u00e9v\u00e8s<\/option><option value=\"LC\">Sainte-Lucie<\/option><option value=\"MF\">Saint Martin (partie fran\u00e7aise)<\/option><option value=\"SX\">Saint Martin (partie n\u00e9erlandaise)<\/option><option value=\"PM\">Saint Pierre and Miquelon<\/option><option value=\"VC\">Saint-Vincent-et-les-Grenadines<\/option><option value=\"SM\">Saint-Marin<\/option><option value=\"ST\">S&atilde;o Tom&eacute; and Pr&iacute;ncipe<\/option><option value=\"SA\">Arabie Saoudite<\/option><option value=\"SN\">S\u00e9n\u00e9gal<\/option><option value=\"RS\">Serbie<\/option><option value=\"SC\">Seychelles<\/option><option value=\"SL\">Sierra Leone<\/option><option value=\"SG\">Singapour<\/option><option value=\"SK\">Slovaquie<\/option><option value=\"SI\">Slov\u00e9nie<\/option><option value=\"SB\">Les \u00eeles Salomon<\/option><option value=\"SO\">Somalie<\/option><option value=\"ZA\">Afrique-du-Sud<\/option><option value=\"GS\">G\u00e9orgie du Sud \/ \u00celes Sandwich<\/option><option value=\"KR\">Cor\u00e9e du Sud<\/option><option value=\"SS\">Soudan du sud<\/option><option value=\"ES\">Espagne<\/option><option value=\"LK\">Sri Lanka<\/option><option value=\"SD\">Soudan<\/option><option value=\"SR\">Suriname<\/option><option value=\"SJ\">Svalbard et Jan Mayen<\/option><option value=\"SZ\">Swaziland<\/option><option value=\"SE\">Su\u00e8de<\/option><option value=\"CH\">Suisse<\/option><option value=\"SY\">Syrie<\/option><option value=\"TW\">Taiwan<\/option><option value=\"TJ\">Tajikistan<\/option><option value=\"TZ\">Tanzanie<\/option><option value=\"TH\">Thailand<\/option><option value=\"TL\">Timor-Leste<\/option><option value=\"TG\">Togo<\/option><option value=\"TK\">Tokelau<\/option><option value=\"TO\">Tonga<\/option><option value=\"TT\">Trinidad etTobago<\/option><option value=\"TN\">Tunidie<\/option><option value=\"TR\">Turquie<\/option><option value=\"TM\">Turkmenistan<\/option><option value=\"TC\">\u00eeles Turques-et-Ca\u00efques<\/option><option value=\"TV\">Tuvalu<\/option><option value=\"UG\">Ouganda<\/option><option value=\"UA\">Ukraine<\/option><option value=\"AE\">Emirats Arabes Unis<\/option><option value=\"UY\">Uruguay<\/option><option value=\"UZ\">Uzbekistan<\/option><option value=\"VU\">Vanuatu<\/option><option value=\"VA\">Vatican<\/option><option value=\"VE\">Venezuela<\/option><option value=\"VN\">Vietnam<\/option><option value=\"WF\">Wallis et Futuna<\/option><option value=\"EH\">Sahara occidental<\/option><option value=\"WS\">Samoa occidentale<\/option><option value=\"YE\">Yemen<\/option><option value=\"ZM\">Zambie<\/option><option value=\"ZW\">Zimbabwe<\/option><\/select><\/div>\n<div class=\"vfb-form-group\" style=\"\"><label for=\"vfb-field-21-city\" class=\"vfb-address-label\">Ville<\/label><input id=\"vfb-field-21-city\" class=\"vfb-form-control vfb-addresspart-city\" placeholder=\"\" required=\"required\" type=\"text\" name=\"vfb-field-21[city]\"><\/div>\n<div class=\"vfb-form-group\" style=\"\"><label for=\"vfb-field-21-province\" class=\"vfb-address-label\">\u00c9tat<\/label><select id=\"vfb-field-21-province\" class=\"vfb-form-control vfb-addresspart-province\" placeholder=\"\" required=\"required\" name=\"vfb-field-21[province]\"><option value=\"\"><\/option><option value=\"AL\">Alabama<\/option><option value=\"AK\">Alaska<\/option><option value=\"AZ\">Arizona<\/option><option value=\"AR\">Arkansas<\/option><option value=\"CA\">Californie<\/option><option value=\"CO\">Colorado<\/option><option value=\"CT\">Connecticut<\/option><option value=\"DE\">Delaware<\/option><option value=\"DC\">District de Columbia<\/option><option value=\"FL\">Floride<\/option><option value=\"GA\">Georgie<\/option><option value=\"HI\">Hawaii<\/option><option value=\"ID\">Idaho<\/option><option value=\"IL\">Illinois<\/option><option value=\"IN\">Indiana<\/option><option value=\"IA\">Iowa<\/option><option value=\"KS\">Kansas<\/option><option value=\"KY\">Kentucky<\/option><option value=\"LA\">Louisiane<\/option><option value=\"ME\">Maine<\/option><option value=\"MD\">Maryland<\/option><option value=\"MA\">Massachusetts<\/option><option value=\"MI\">Michigan<\/option><option value=\"MN\">Minnesota<\/option><option value=\"MS\">Mississippi<\/option><option value=\"MO\">Missouri<\/option><option value=\"MT\">Montana<\/option><option value=\"NE\">Nebraska<\/option><option value=\"NV\">Nevada<\/option><option value=\"NH\">New Hampshire<\/option><option value=\"NJ\">New Jersey<\/option><option value=\"NM\">Nouveau Mexique<\/option><option value=\"NY\">New York<\/option><option value=\"NC\">Caroline du Nord<\/option><option value=\"ND\">Dakota du Nord<\/option><option value=\"OH\">Ohio<\/option><option value=\"OK\">Oklahoma<\/option><option value=\"OR\">Oregon<\/option><option value=\"PA\">Pennsylvanie<\/option><option value=\"RI\">Rhode Island<\/option><option value=\"SC\">Caroline du sud<\/option><option value=\"SD\">Dakota du Sud<\/option><option value=\"TN\">Tennessee<\/option><option value=\"TX\">Texas<\/option><option value=\"UT\">Utah<\/option><option value=\"VT\">Vermont<\/option><option value=\"VA\">Virginie<\/option><option value=\"WA\">Washington<\/option><option value=\"WV\">Virginie de l'Ouest<\/option><option value=\"WI\">Wisconsin<\/option><option value=\"WY\">Wyoming<\/option><option value=\"AA\">Forces arm\u00e9es (AA)<\/option><option value=\"AE\">Forces arm\u00e9es (AE)<\/option><option value=\"AP\">Forces arm\u00e9es (AP)<\/option><option value=\"AS\">Samoa am\u00e9ricaines<\/option><option value=\"GU\">Guam<\/option><option value=\"MP\">\u00celes Mariannes du Nord<\/option><option value=\"PR\">Puerto Rico<\/option><option value=\"UM\">\u00celes mineures \u00e9loign\u00e9es des \u00c9tats-Unis<\/option><option value=\"VI\">\u00celes Vierges am\u00e9ricaines<\/option><\/select><\/div>\n<div class=\"vfb-form-group\" style=\"\"><label for=\"vfb-field-21-zip\" class=\"vfb-address-label\">Code postal<\/label><input id=\"vfb-field-21-zip\" class=\"vfb-form-control vfb-addresspart-zip\" placeholder=\"\" required=\"required\" type=\"text\" name=\"vfb-field-21[zip]\"><\/div>\n<\/div>\n<\/div>\n<\/div>\n<div class=\"vfb-clearfix\"><\/div>\n<div class=\"vfb-col-12 vfb-fieldType-phone\" id=\"vfbField22\">\n<div class=\"vfb-form-group\"><label for=\"vfb-field-22\" class=\"vfb-control-label\">T\u00e9l\u00e9phone <span class=\"vfb-required-asterisk\">*<\/span><\/label><\/p>\n<div><input id=\"vfb-field-22\" class=\"vfb-form-control vfb-intl-phone\" placeholder=\"\" required=\"required\" type=\"tel\" name=\"vfb-field-22\" value=\"\"><\/div>\n<\/div>\n<\/div>\n<div class=\"vfb-clearfix\"><\/div>\n<div class=\"vfb-col-12 vfb-fieldType-select\" id=\"vfbField23\"><label for=\"vfb-field-23\" class=\"vfb-control-label\">Type d\\'instrument <span class=\"vfb-required-asterisk\">*<\/span><\/label><\/p>\n<div>\n<div class=\"vfb-form-group\"><select id=\"vfb-field-23\" class=\"vfb-form-control\" placeholder=\"\" required=\"required\" name=\"vfb-field-23\"><option value=\"Hautbois\">Hautbois<\/option><option value=\"Cor Anglais \">Cor Anglais <\/option><option value=\"Hautbois d&#039;Amour\">Hautbois d'Amour<\/option><option value=\"Hautbois Baryton\">Hautbois Baryton<\/option><\/select><\/div>\n<\/div>\n<\/div>\n<div class=\"vfb-clearfix\"><\/div>\n<div class=\"vfb-col-12 vfb-fieldType-text\" id=\"vfbField24\">\n<div class=\"vfb-form-group\"><label for=\"vfb-field-24\" class=\"vfb-control-label\">Mod\u00e8le de l\\'instrument <span class=\"vfb-required-asterisk\">*<\/span><\/label><\/p>\n<div><input id=\"vfb-field-24\" class=\"vfb-form-control\" placeholder=\"\" required=\"required\" type=\"text\" name=\"vfb-field-24\" value=\"\"><\/div>\n<\/div>\n<\/div>\n<div class=\"vfb-clearfix\"><\/div>\n<div class=\"vfb-col-12 vfb-fieldType-text\" id=\"vfbField25\">\n<div class=\"vfb-form-group\"><label for=\"vfb-field-25\" class=\"vfb-control-label\">Num\u00e9ro de s\u00e9rie de l\\'instrument <span class=\"vfb-required-asterisk\">*<\/span><\/label><\/p>\n<div><input id=\"vfb-field-25\" class=\"vfb-form-control\" placeholder=\"\" required=\"required\" type=\"text\" name=\"vfb-field-25\" value=\"\"><span class=\"vfb-help-block\">La num\u00e9ro de s\u00e9rie est le num\u00e9ro qui se trouve sur le livret d\\'entretien, sur le corps du bas ou le corps du haut de votre instrument<\/span><\/div>\n<\/div>\n<\/div>\n<div class=\"vfb-clearfix\"><\/div>\n<div class=\"vfb-col-12 vfb-fieldType-select\" id=\"vfbField26\"><label for=\"vfb-field-26\" class=\"vfb-control-label\">O\u00f9 avez-vous achet\u00e9 votre instrument ? <span class=\"vfb-required-asterisk\">*<\/span><\/label><\/p>\n<div>\n<div class=\"vfb-form-group\"><select id=\"vfb-field-26\" class=\"vfb-form-control\" placeholder=\"\" required=\"required\" name=\"vfb-field-26\"><option value=\"Dans un magasin de musique\">Dans un magasin de musique<\/option><option value=\"Sur un site marchand g&eacute;n&eacute;raliste (ex: Amazon)\">Sur un site marchand g\u00e9n\u00e9raliste (ex: Amazon)<\/option><option value=\"Sur un site marchand sp&eacute;cialis&eacute; (ex: Woodbrass, Music &amp; Arts,...)\">Sur un site marchand sp\u00e9cialis\u00e9 (ex: Woodbrass, Music & Arts,...)<\/option><\/select><\/div>\n<\/div>\n<\/div>\n<div class=\"vfb-clearfix\"><\/div>\n<div class=\"vfb-col-12 vfb-fieldType-radio\" id=\"vfbField27\"><label for=\"vfb-field-27\" class=\"vfb-control-label\">Voulez-vous vous abonner \u00e0 notre newsletter ? <span class=\"vfb-required-asterisk\">*<\/span><\/label><\/p>\n<div>\n<div class=\"vfb-radio\"><label><input id=\"vfb-field-27-0\" class=\"\" placeholder=\"\" required=\"required\" type=\"radio\" name=\"vfb-field-27\" value=\"Je souhaite m&#039;abonner &agrave; la newsletter Rigoutat\">Je souhaite m'abonner \u00e0 la newsletter Rigoutat<\/label><\/div>\n<div class=\"vfb-radio\"><label><input id=\"vfb-field-27-1\" class=\"\" placeholder=\"\" required=\"required\" type=\"radio\" name=\"vfb-field-27\" value=\"Je ne souhaite pas m&#039;abonner\">Je ne souhaite pas m'abonner<\/label><\/div>\n<\/div>\n<\/div>\n<div class=\"vfb-clearfix\"><\/div>\n<div class=\"vfb-col-12 vfb-fieldType-captcha\" id=\"vfbField33\">\n<div class=\"vfb-form-group\">\n<div>\n<div class=\"g-recaptcha-v3\" data-sitekey=\"6LeMmL4aAAAAAFvCRjSGxhWQ1UjSQfzNTV1hUQDd\"><\/div>\n<p><input type=\"hidden\" name=\"_vfb_recaptcha_enabled\" value=\"1\" id=\"\"><input type=\"hidden\" id=\"g-recaptcha-response\" name=\"g-recaptcha-response\"><\/p>\n<div class=\"vfb-has-error\" id=\"vfb-recaptcha-error\"><span class=\"vfb-help-block\">reCAPTCHA is required.<\/span><\/div>\n<\/div>\n<\/div>\n<\/div>\n<div class=\"vfb-clearfix\"><\/div>\n<div class=\"vfb-col-12 vfb-fieldType-submit\" id=\"vfbField29\"><button id=\"vfb-field-29\" class=\" btn btn-primary\" placeholder=\"\" type=\"submit\" name=\"_vfb-submit\">Valider<\/button><\/div>\n<div class=\"vfb-clearfix\"><\/div>\n<\/form>\n","protected":false},"excerpt":{"rendered":"<p>Ch\u00e8re Musicienne, Cher Musicien, Nous vous remercions d\u2019avoir choisi Rigoutat. Votre instrument est pr\u00e9cieux, il m\u00e9rite votre respect et vos soins attentifs. Cette page contient des instructions tr\u00e8s simples concernant sa garantie, son utilisation et son entretien. Lisez-le attentivement. N\u2019h\u00e9sitez pas \u00e0 demander conseil \u00e0 votre revendeur. &nbsp;<\/p>\n","protected":false},"author":12,"featured_media":0,"parent":0,"menu_order":0,"comment_status":"closed","ping_status":"closed","template":"","meta":{"_acf_changed":false,"_relevanssi_hide_post":"","_relevanssi_pin_for_all":"","_relevanssi_pin_keywords":"","_relevanssi_unpin_keywords":"","_relevanssi_related_keywords":"","_relevanssi_related_include_ids":"","_relevanssi_related_exclude_ids":"","_relevanssi_related_no_append":"","_relevanssi_related_not_related":"","_relevanssi_related_posts":"","_relevanssi_noindex_reason":"","footnotes":""},"class_list":["post-588","page","type-page","status-publish","hentry"],"acf":[],"_links":{"self":[{"href":"http:\/\/rigoutat.buffet-multisite.buffet-preprod-02.modulodigital.com\/fr\/wp-json\/wp\/v2\/pages\/588","targetHints":{"allow":["GET"]}}],"collection":[{"href":"http:\/\/rigoutat.buffet-multisite.buffet-preprod-02.modulodigital.com\/fr\/wp-json\/wp\/v2\/pages"}],"about":[{"href":"http:\/\/rigoutat.buffet-multisite.buffet-preprod-02.modulodigital.com\/fr\/wp-json\/wp\/v2\/types\/page"}],"author":[{"embeddable":true,"href":"http:\/\/rigoutat.buffet-multisite.buffet-preprod-02.modulodigital.com\/fr\/wp-json\/wp\/v2\/users\/12"}],"replies":[{"embeddable":true,"href":"http:\/\/rigoutat.buffet-multisite.buffet-preprod-02.modulodigital.com\/fr\/wp-json\/wp\/v2\/comments?post=588"}],"version-history":[{"count":2,"href":"http:\/\/rigoutat.buffet-multisite.buffet-preprod-02.modulodigital.com\/fr\/wp-json\/wp\/v2\/pages\/588\/revisions"}],"predecessor-version":[{"id":591,"href":"http:\/\/rigoutat.buffet-multisite.buffet-preprod-02.modulodigital.com\/fr\/wp-json\/wp\/v2\/pages\/588\/revisions\/591"}],"wp:attachment":[{"href":"http:\/\/rigoutat.buffet-multisite.buffet-preprod-02.modulodigital.com\/fr\/wp-json\/wp\/v2\/media?parent=588"}],"curies":[{"name":"wp","href":"https:\/\/api.w.org\/{rel}","templated":true}]}}