{"id":464,"date":"2019-04-02T12:44:58","date_gmt":"2019-04-02T12:44:58","guid":{"rendered":"https:\/\/rigoutat.buffet-multisite.buffet-preprod-02.modulodigital.com\/?page_id=464"},"modified":"2019-07-01T07:58:52","modified_gmt":"2019-07-01T07:58:52","slug":"testimoniaux","status":"publish","type":"page","link":"http:\/\/rigoutat.buffet-multisite.buffet-preprod-02.modulodigital.com\/fr\/testimoniaux\/","title":{"rendered":"T\u00e9moignages"},"content":{"rendered":"<p><img decoding=\"async\" class=\"center aligncenter\" style=\"width: 400px; height: 250px;\" src=\"https:\/\/rigoutat.buffet-multisite.buffet-preprod-02.modulodigital.com\/wp-content\/uploads\/sites\/14\/2019\/04\/heinzmin.jpg\" \/><\/p>\n<p><strong>Heinz HOLLIGER<\/strong><\/p>\n<p>\u00ab\u00a0Cela fait d\u00e9j\u00e0 plus de soixante ans que je joue sur un instrument Rigoutat. Il m&rsquo;est donc tr\u00e8s difficile de ne pas penser Rigoutat en pensant hautbois ! Les deux restent synonymes pour moi.\u00a0\u00bb<\/p>\n<p>&nbsp;<\/p>\n<p><img decoding=\"async\" class=\"center aligncenter\" style=\"width: 400px; height: 250px;\" src=\"https:\/\/rigoutat.buffet-multisite.buffet-preprod-02.modulodigital.com\/wp-content\/uploads\/sites\/14\/2019\/04\/mbourguetesti.jpg\" \/><\/p>\n<p><strong>Maurice BOURGUE<\/strong><\/p>\n<p>\u00ab\u00a0Jouer Rigoutat c&rsquo;est avoir le son plein de lumi\u00e8re. C&rsquo;est pourquoi je ne peux pas changer. C&rsquo;est pourquoi je joue Rigoutat depuis 1962.\u00a0\u00bb<\/p>\n<p>&nbsp;<\/p>\n<p><img decoding=\"async\" class=\"center aligncenter\" style=\"width: 400px; height: 250px;\" src=\"https:\/\/rigoutat.buffet-multisite.buffet-preprod-02.modulodigital.com\/wp-content\/uploads\/sites\/14\/2019\/04\/indermuhletesti.jpg\" \/><\/p>\n<p><strong>Thomas INDERM\u00dcHLE<\/strong><\/p>\n<p>\u00ab\u00a0Pour moi, Rigoutat signifie le mode de transport de mon \u00e2me intime vers un grand public int\u00e9ress\u00e9 en l&rsquo;\u00e9motion musicale.\u00a0\u00bb<\/p>\n<p>&nbsp;<\/p>\n<p><img decoding=\"async\" class=\"center aligncenter\" style=\"width: 400px; height: 250px;\" src=\"https:\/\/rigoutat.buffet-multisite.buffet-preprod-02.modulodigital.com\/wp-content\/uploads\/sites\/14\/2019\/04\/mathildetesti.jpg\" \/><\/p>\n<p><strong>Mathilde LEBERT<\/strong><\/p>\n<p>\u00ab\u00a0Du Riec au mod\u00e8le J, en passant par l\u2019Expression, je suis fi\u00e8re d\u2019avoir grandi sur Rigoutat et de faire partie de cette belle famille\u00a0\u00bb<\/p>\n<p>&nbsp;<\/p>\n<p><img decoding=\"async\" class=\"center aligncenter\" style=\"width: 400px; height: 250px;\" src=\"https:\/\/rigoutat.buffet-multisite.buffet-preprod-02.modulodigital.com\/wp-content\/uploads\/sites\/14\/2019\/04\/giottesti.jpg\" \/><\/p>\n<p><strong>S\u00e9bastien GIOT<\/strong><\/p>\n<p>\u00ab\u00a0La maison Rigoutat repr\u00e9sente un savoir faire familiale accompagn\u00e9 d&rsquo;une ambiance toujours amicale et bienveillante. Cette transmission entre g\u00e9n\u00e9rations ne peut m&#8217;emp\u00eacher de faire le parall\u00e8le avec mon parcours car mon p\u00e8re jouait d\u00e9j\u00e0 Rigoutat et du Riec jusqu&rsquo;au J, ces instruments m&rsquo;ont toujours accompagn\u00e9s et m&rsquo;apportent un immense plaisir\u00a0\u00bb<\/p>\n","protected":false},"excerpt":{"rendered":"<p>Heinz HOLLIGER \u00ab\u00a0Cela fait d\u00e9j\u00e0 plus de soixante ans que je joue sur un instrument Rigoutat. Il m&rsquo;est donc tr\u00e8s difficile de ne pas penser Rigoutat en pensant hautbois ! Les deux restent synonymes pour moi.\u00a0\u00bb &nbsp; Maurice BOURGUE \u00ab\u00a0Jouer Rigoutat c&rsquo;est avoir le son plein de lumi\u00e8re. C&rsquo;est pourquoi je ne peux pas changer. [&hellip;]<\/p>\n","protected":false},"author":12,"featured_media":0,"parent":0,"menu_order":0,"comment_status":"closed","ping_status":"closed","template":"","meta":{"_acf_changed":false,"_relevanssi_hide_post":"","_relevanssi_pin_for_all":"","_relevanssi_pin_keywords":"","_relevanssi_unpin_keywords":"","_relevanssi_related_keywords":"","_relevanssi_related_include_ids":"","_relevanssi_related_exclude_ids":"","_relevanssi_related_no_append":"","_relevanssi_related_not_related":"","_relevanssi_related_posts":"","_relevanssi_noindex_reason":"","footnotes":""},"class_list":["post-464","page","type-page","status-publish","hentry"],"acf":[],"_links":{"self":[{"href":"http:\/\/rigoutat.buffet-multisite.buffet-preprod-02.modulodigital.com\/fr\/wp-json\/wp\/v2\/pages\/464","targetHints":{"allow":["GET"]}}],"collection":[{"href":"http:\/\/rigoutat.buffet-multisite.buffet-preprod-02.modulodigital.com\/fr\/wp-json\/wp\/v2\/pages"}],"about":[{"href":"http:\/\/rigoutat.buffet-multisite.buffet-preprod-02.modulodigital.com\/fr\/wp-json\/wp\/v2\/types\/page"}],"author":[{"embeddable":true,"href":"http:\/\/rigoutat.buffet-multisite.buffet-preprod-02.modulodigital.com\/fr\/wp-json\/wp\/v2\/users\/12"}],"replies":[{"embeddable":true,"href":"http:\/\/rigoutat.buffet-multisite.buffet-preprod-02.modulodigital.com\/fr\/wp-json\/wp\/v2\/comments?post=464"}],"version-history":[{"count":5,"href":"http:\/\/rigoutat.buffet-multisite.buffet-preprod-02.modulodigital.com\/fr\/wp-json\/wp\/v2\/pages\/464\/revisions"}],"predecessor-version":[{"id":1257,"href":"http:\/\/rigoutat.buffet-multisite.buffet-preprod-02.modulodigital.com\/fr\/wp-json\/wp\/v2\/pages\/464\/revisions\/1257"}],"wp:attachment":[{"href":"http:\/\/rigoutat.buffet-multisite.buffet-preprod-02.modulodigital.com\/fr\/wp-json\/wp\/v2\/media?parent=464"}],"curies":[{"name":"wp","href":"https:\/\/api.w.org\/{rel}","templated":true}]}}