{"id":764,"date":"2019-05-13T09:35:28","date_gmt":"2019-05-13T09:35:28","guid":{"rendered":"https:\/\/rigoutat.buffet-multisite.buffet-preprod-02.modulodigital.com\/?page_id=764"},"modified":"2019-05-16T14:55:57","modified_gmt":"2019-05-16T14:55:57","slug":"nuestra-historia","status":"publish","type":"page","link":"http:\/\/rigoutat.buffet-multisite.buffet-preprod-02.modulodigital.com\/es\/nuestra-historia\/","title":{"rendered":"Nuestra historia"},"content":{"rendered":"<p><!-- ========= Cool Timeline PRO 4.4.3 ========= --><\/p>\n<div style=\"opacity:0;\" \n    data-showposts=\"20\"\n     class=\"cool_timeline cool-timeline-wrapper both-sided-wrapper white-timeline-wrapper main-default\" \n     id=\"tm-default-default-18\"  \n     data-pagination=\"yes\"  \n     data-pagination-position=\"right\"\n     data-line-filling=\"false\"><\/p>\n<div class=\"cool-timeline ultimate-style  white-timeline ctl_story_empty\">\n<div class=\"cool_timeline_start\"><\/div>\n<div  class=\"filter-preloaders\"><img decoding=\"async\" src=\"http:\/\/rigoutat.buffet-multisite.buffet-preprod-02.modulodigital.com\/wp-content\/plugins\/cool-timeline-pro\/\/assets\/images\/clt-compact-preloader.gif\"><\/div>\n<div data-animations=\"\"  id=\"timeline-10\" class=\"cooltimeline_cont  clearfix icons_yes\">\n<div  class=\"end-timeline clearfix\"><\/div>\n<\/div>\n<div class=\"no-content\">\n<h4>Lo siento, no has a\u00f1adido ning\u00fan suceso todav\u00eda<\/h4>\n<\/div>\n<div class=\"cool_timeline_end\"><\/div>\n<div class=\"ctl_center_line_filling\"><\/div>\n<\/div>\n<\/div>\n<p>  <!-- end\n================================================== --><\/p>\n<style type=\"text\/css\"><\/style>\n","protected":false},"excerpt":{"rendered":"","protected":false},"author":12,"featured_media":0,"parent":0,"menu_order":0,"comment_status":"closed","ping_status":"closed","template":"","meta":{"_acf_changed":false,"_relevanssi_hide_post":"","_relevanssi_pin_for_all":"","_relevanssi_pin_keywords":"","_relevanssi_unpin_keywords":"","_relevanssi_related_keywords":"","_relevanssi_related_include_ids":"","_relevanssi_related_exclude_ids":"","_relevanssi_related_no_append":"","_relevanssi_related_not_related":"","_relevanssi_related_posts":"","_relevanssi_noindex_reason":"","footnotes":""},"class_list":["post-764","page","type-page","status-publish","hentry"],"acf":[],"_links":{"self":[{"href":"http:\/\/rigoutat.buffet-multisite.buffet-preprod-02.modulodigital.com\/es\/wp-json\/wp\/v2\/pages\/764","targetHints":{"allow":["GET"]}}],"collection":[{"href":"http:\/\/rigoutat.buffet-multisite.buffet-preprod-02.modulodigital.com\/es\/wp-json\/wp\/v2\/pages"}],"about":[{"href":"http:\/\/rigoutat.buffet-multisite.buffet-preprod-02.modulodigital.com\/es\/wp-json\/wp\/v2\/types\/page"}],"author":[{"embeddable":true,"href":"http:\/\/rigoutat.buffet-multisite.buffet-preprod-02.modulodigital.com\/es\/wp-json\/wp\/v2\/users\/12"}],"replies":[{"embeddable":true,"href":"http:\/\/rigoutat.buffet-multisite.buffet-preprod-02.modulodigital.com\/es\/wp-json\/wp\/v2\/comments?post=764"}],"version-history":[{"count":1,"href":"http:\/\/rigoutat.buffet-multisite.buffet-preprod-02.modulodigital.com\/es\/wp-json\/wp\/v2\/pages\/764\/revisions"}],"predecessor-version":[{"id":765,"href":"http:\/\/rigoutat.buffet-multisite.buffet-preprod-02.modulodigital.com\/es\/wp-json\/wp\/v2\/pages\/764\/revisions\/765"}],"wp:attachment":[{"href":"http:\/\/rigoutat.buffet-multisite.buffet-preprod-02.modulodigital.com\/es\/wp-json\/wp\/v2\/media?parent=764"}],"curies":[{"name":"wp","href":"https:\/\/api.w.org\/{rel}","templated":true}]}}