{"id":936,"date":"2019-05-21T10:14:39","date_gmt":"2019-05-21T10:14:39","guid":{"rendered":"https:\/\/rigoutat.buffet-multisite.buffet-preprod-02.modulodigital.com\/?page_id=936"},"modified":"2019-06-04T12:20:02","modified_gmt":"2019-06-04T12:20:02","slug":"mein-instrument-registrieren","status":"publish","type":"page","link":"http:\/\/rigoutat.buffet-multisite.buffet-preprod-02.modulodigital.com\/de\/mein-instrument-registrieren\/","title":{"rendered":"Garantie"},"content":{"rendered":"<p>Liebe Musikerin, lieber Musiker,<\/p>\n<p>vielen Dank, dass Sie sich f\u00fcr Rigoutat entschieden haben.<br \/>\nUm den Wert Ihres Instruments zu erhalten, bedarf es einer regelm\u00e4\u00dfigen Pflege.<br \/>\nDiese Seite enth\u00e4lt n\u00fctzliche Informationen hinsichtlich Wartung und Gew\u00e4hrleistung. Bitte lesen Sie diese sorgf\u00e4ltig durch und kontaktieren bei Bedarf Ihren H\u00e4ndler.<\/p>\n<p>&nbsp;<\/p>\n<form method=\"post\" enctype=\"multipart\/form-data\" id=\"vfbp-form-1\" class=\"vfbp-form\">\n<div style=\"display:none;\"><label for=\"vfbp-EMAIL-AN8fuQyoDLXem\">Wenn Sie ein Mensch sind, lassen Sie dieses Feld leer.<\/label><input size=\"25\" autocomplete=\"off\" type=\"text\" name=\"vfbp-EMAIL-AN8fuQyoDLXem\" value=\"\" id=\"\"><\/div>\n<p><input type=\"hidden\" name=\"_vfb-timestamp-1\" value=\"1775307661\" id=\"\"><input type=\"hidden\" name=\"_vfb-form-id\" value=\"1\" id=\"\"><\/p>\n<div class=\"vfb-form-group vfb-col-12\">\n<div>\n<div class=\"\">Register your instrument<\/div>\n<\/div>\n<\/div>\n<div class=\"vfb-col-12 vfb-fieldType-heading\" id=\"vfbField1\"><\/div>\n<div class=\"vfb-clearfix\"><\/div>\n<div class=\"vfb-col-12 vfb-fieldType-text\" id=\"vfbField2\">\n<div class=\"vfb-form-group\"><label for=\"vfb-field-2\" class=\"vfb-control-label\">Nom <span class=\"vfb-required-asterisk\">*<\/span><\/label><\/p>\n<div><input id=\"vfb-field-2\" class=\"vfb-form-control\" placeholder=\"\" required=\"required\" type=\"text\" name=\"vfb-field-2\" value=\"\"><\/div>\n<\/div>\n<\/div>\n<div class=\"vfb-clearfix\"><\/div>\n<div class=\"vfb-col-12 vfb-fieldType-text\" id=\"vfbField3\">\n<div class=\"vfb-form-group\"><label for=\"vfb-field-3\" class=\"vfb-control-label\">Pr\u00e9nom <span class=\"vfb-required-asterisk\">*<\/span><\/label><\/p>\n<div><input id=\"vfb-field-3\" class=\"vfb-form-control\" placeholder=\"\" required=\"required\" type=\"text\" name=\"vfb-field-3\" value=\"\"><\/div>\n<\/div>\n<\/div>\n<div class=\"vfb-clearfix\"><\/div>\n<div class=\"vfb-col-12 vfb-fieldType-email\" id=\"vfbField4\">\n<div class=\"vfb-form-group\"><label for=\"vfb-field-4\" class=\"vfb-control-label\">E-mail <span class=\"vfb-required-asterisk\">*<\/span><\/label><\/p>\n<div><input id=\"vfb-field-4\" class=\"vfb-form-control\" placeholder=\"\" required=\"required\" type=\"email\" name=\"vfb-field-4\" value=\"\"><\/div>\n<\/div>\n<\/div>\n<div class=\"vfb-clearfix\"><\/div>\n<div class=\"vfb-col-12 vfb-fieldType-address\" id=\"vfbField5\">\n<div class=\"vfb-form-group\"><label for=\"vfb-field-5\" class=\"vfb-control-label\">Address <span class=\"vfb-required-asterisk\">*<\/span><\/label><\/p>\n<div class=\"vfb-address-block\" id=\"vfb-field-5\">\n<div class=\"vfb-form-group\" style=\"\"><input id=\"vfb-field-5-address-1\" class=\"vfb-form-control vfb-addresspart-address-1\" placeholder=\"\" required=\"required\" type=\"text\" name=\"vfb-field-5[address-1]\"><\/div>\n<div class=\"vfb-form-group\" style=\"\"><label for=\"vfb-field-5-address-2\" class=\"vfb-address-label\">Adresszusatz, Apartment, Suite, etc.<\/label><input id=\"vfb-field-5-address-2\" class=\"vfb-form-control vfb-addresspart-address-2\" placeholder=\"\" required=\"required\" type=\"text\" name=\"vfb-field-5[address-2]\"><\/div>\n<div class=\"vfb-form-group\" style=\"\"><label for=\"vfb-field-5-country\" class=\"vfb-address-label\">Land<\/label><select id=\"vfb-field-5-country\" class=\"vfb-form-control vfb-addresspart-country\" placeholder=\"\" required=\"required\" name=\"vfb-field-5[country]\"><option value=\"US\">Vereinigte Staaten von Amerika (USA)<\/option><option value=\"GB\">Vereinigtes K\u00f6nigreich (UK)<\/option><option value=\"CA\">Kanada<\/option><option value=\"AU\">Australien<\/option><option value=\"\" selected='selected'>---<\/option><option value=\"AF\">Afghanistan<\/option><option value=\"AX\">&#197;land Inseln<\/option><option value=\"AL\">Albanien<\/option><option value=\"DZ\">Algerien<\/option><option value=\"AD\">Andorra<\/option><option value=\"AO\">Angola<\/option><option value=\"AI\">Anguilla<\/option><option value=\"AQ\">Antarktis<\/option><option value=\"AG\">Antigua und Barbados<\/option><option value=\"AR\">Argentinien<\/option><option value=\"AM\">Armenien<\/option><option value=\"AW\">Aruba<\/option><option value=\"AS\">Amerikanisch-Samoa<\/option><option value=\"AT\">\u00d6sterreich<\/option><option value=\"AZ\">Aserbaidschan<\/option><option value=\"BS\">Bahamas<\/option><option value=\"BH\">Bahrain<\/option><option value=\"BD\">Bangladesh<\/option><option value=\"BB\">Barbados<\/option><option value=\"BY\">Wei\u00dfrussland<\/option><option value=\"BE\">Belgien<\/option><option value=\"PW\">Belau (Palau)<\/option><option value=\"BZ\">Belize<\/option><option value=\"BJ\">Benin<\/option><option value=\"BM\">Bermuda<\/option><option value=\"BT\">Bhutan<\/option><option value=\"BO\">Bolivien<\/option><option value=\"BQ\">Bonaire, St. Eustatius und Saba<\/option><option value=\"BA\">Bosnien und Herzegowina<\/option><option value=\"BW\">Botswana<\/option><option value=\"BV\">Bouvetinsel<\/option><option value=\"BR\">Brasilien<\/option><option value=\"IO\">Britisches Territorium im Indischen Ozean<\/option><option value=\"VG\">Britische Jungferninseln<\/option><option value=\"BN\">Brunei<\/option><option value=\"BG\">Bulgarien<\/option><option value=\"BF\">Burkina Faso<\/option><option value=\"BI\">Burundi<\/option><option value=\"KH\">Kambodscha<\/option><option value=\"CM\">Kamerun<\/option><option value=\"CV\">Kap Verde<\/option><option value=\"KY\">Kaimaninseln<\/option><option value=\"CF\">Zentralafrikanische Republik<\/option><option value=\"TD\">Tschad<\/option><option value=\"CL\">Chile<\/option><option value=\"CN\">China<\/option><option value=\"CX\">Weihnachtsinsel<\/option><option value=\"CC\">Kokosinseln<\/option><option value=\"CO\">Kolumbien<\/option><option value=\"KM\">Komoren<\/option><option value=\"CG\">Kongo (Brazzaville)<\/option><option value=\"CD\">Kongo (Kinshasa)<\/option><option value=\"CK\">Cook Inseln<\/option><option value=\"CR\">Costa Rica<\/option><option value=\"HR\">Kroatien<\/option><option value=\"CU\">Kuba<\/option><option value=\"CW\">Curacao<\/option><option value=\"CY\">Zypern<\/option><option value=\"CZ\">Tschechische Republik<\/option><option value=\"DK\">D\u00e4nemark<\/option><option value=\"DJ\">Djibouti<\/option><option value=\"DM\">Dominica<\/option><option value=\"DO\">Dominikanische Republik<\/option><option value=\"EC\">Ecuador<\/option><option value=\"EG\">\u00c4gypten<\/option><option value=\"SV\">El Salvador<\/option><option value=\"GQ\">\u00c4quatorial Guinea<\/option><option value=\"ER\">Eritrea<\/option><option value=\"EE\">Estland<\/option><option value=\"ET\">\u00c4thopien<\/option><option value=\"FK\">Falkland Inseln<\/option><option value=\"FO\">Faroer Inseln<\/option><option value=\"FJ\">Fidschi<\/option><option value=\"FI\">Finnland<\/option><option value=\"FR\">Frankreich<\/option><option value=\"GF\">Franz\u00f6sisch-Guayana<\/option><option value=\"PF\">Franz\u00f6sisch-Polynesien<\/option><option value=\"TF\">Franz\u00f6sische S\u00fcd- und Antarktisgebiete<\/option><option value=\"GA\">Gabon<\/option><option value=\"GM\">Gambia<\/option><option value=\"GE\">Georgia<\/option><option value=\"DE\">Deutschland<\/option><option value=\"GH\">Ghana<\/option><option value=\"GI\">Gibraltar<\/option><option value=\"GR\">Griechenland<\/option><option value=\"GL\">Gr\u00f6nland<\/option><option value=\"GD\">Grenada<\/option><option value=\"GP\">Guadeloupe<\/option><option value=\"GT\">Guatemala<\/option><option value=\"GG\">Guernsey<\/option><option value=\"GN\">Guinea<\/option><option value=\"GW\">Guinea-Bissau<\/option><option value=\"GY\">Guyana<\/option><option value=\"HT\">Haiti<\/option><option value=\"HM\">Heard und McDonald Inseln<\/option><option value=\"HN\">Honduras<\/option><option value=\"HK\">Hongkong<\/option><option value=\"HU\">Ungarn<\/option><option value=\"IS\">Island<\/option><option value=\"IN\">Indien<\/option><option value=\"ID\">Indonesien<\/option><option value=\"IR\">Iran<\/option><option value=\"IQ\">Irak<\/option><option value=\"IE\">Republik Irland<\/option><option value=\"IM\">Isle of Man<\/option><option value=\"IL\">Israel<\/option><option value=\"IT\">Italien<\/option><option value=\"CI\">Elfenbeink\u00fcste<\/option><option value=\"JM\">Jamaika<\/option><option value=\"JP\">Japan<\/option><option value=\"JE\">Jersey<\/option><option value=\"JO\">Jordanien<\/option><option value=\"KZ\">Kasachstan<\/option><option value=\"KE\">Kenia<\/option><option value=\"KI\">Kiribati<\/option><option value=\"KW\">Kuwait<\/option><option value=\"KG\">Kirgisistan<\/option><option value=\"LA\">Laos<\/option><option value=\"LV\">Lettland<\/option><option value=\"LB\">Libanon<\/option><option value=\"LS\">Lesotho<\/option><option value=\"LR\">Liberia<\/option><option value=\"LY\">Lybien<\/option><option value=\"LI\">Liechtenstein<\/option><option value=\"LT\">Litauen<\/option><option value=\"LU\">Luxemburg<\/option><option value=\"MO\">Macao<\/option><option value=\"MK\">Mazedonien<\/option><option value=\"MG\">Madagaskar<\/option><option value=\"MW\">Malawi<\/option><option value=\"MY\">Malaysia<\/option><option value=\"MV\">Malediven<\/option><option value=\"ML\">Mali<\/option><option value=\"MT\">Malta<\/option><option value=\"MH\">Marshall-Inseln<\/option><option value=\"MQ\">Martinique<\/option><option value=\"MR\">Mauretanien<\/option><option value=\"MU\">Mauritius<\/option><option value=\"YT\">Mayotte<\/option><option value=\"MX\">Mexiko<\/option><option value=\"FM\">Mikronesien<\/option><option value=\"MD\">Moldawien<\/option><option value=\"MC\">Monaco<\/option><option value=\"MN\">Mongolei<\/option><option value=\"ME\">Montenegro<\/option><option value=\"MS\">Montserrat<\/option><option value=\"MA\">Marokko<\/option><option value=\"MZ\">Mosambik<\/option><option value=\"MM\">Myanmar<\/option><option value=\"NA\">Namibia<\/option><option value=\"NR\">Nauru<\/option><option value=\"NP\">Nepal<\/option><option value=\"NL\">Niederlande<\/option><option value=\"AN\">Niederl\u00e4ndische Antillen<\/option><option value=\"NC\">Neukaledonien<\/option><option value=\"NZ\">Neuseeland<\/option><option value=\"NI\">Nicaragua<\/option><option value=\"NE\">Niger<\/option><option value=\"NG\">Nigeria<\/option><option value=\"NU\">Niue<\/option><option value=\"NF\">Norfolkinsel<\/option><option value=\"KP\">Nordkorea (Volksrepublik)<\/option><option value=\"NO\">Norwegen<\/option><option value=\"OM\">Oman<\/option><option value=\"PK\">Pakistan<\/option><option value=\"PS\">Pal\u00e4stinensische Autonomiegebiete<\/option><option value=\"PA\">Panama<\/option><option value=\"PG\">Papua-Neuguinea<\/option><option value=\"PY\">Paraguay<\/option><option value=\"PE\">Peru<\/option><option value=\"PH\">Philippinen<\/option><option value=\"PN\">Pitcairninseln<\/option><option value=\"PL\">Polen<\/option><option value=\"PT\">Portugal<\/option><option value=\"QA\">Katar<\/option><option value=\"RE\">R\u00e9union<\/option><option value=\"RO\">Rum\u00e4nien<\/option><option value=\"RU\">Russland<\/option><option value=\"RW\">Ruanda<\/option><option value=\"BL\">Saint-Barth\u00e9lemy (Insel)<\/option><option value=\"SH\">St. Helena<\/option><option value=\"KN\">St. Kitts und Nevis<\/option><option value=\"LC\">St. Lucia<\/option><option value=\"MF\">St. Martin (Franz\u00f6sischer Teil)<\/option><option value=\"SX\">Saint Martin (Niederl\u00e4ndischer Teil)<\/option><option value=\"PM\">Saint-Pierre und Miquelon<\/option><option value=\"VC\">St. Vincent und die Grenadinen<\/option><option value=\"SM\">San Marino<\/option><option value=\"ST\">S\u00e3o Tom\u00e9 und Pr\u00edncipe<\/option><option value=\"SA\">Saudi-Arabien<\/option><option value=\"SN\">Senegal<\/option><option value=\"RS\">Serbien<\/option><option value=\"SC\">Seychellen<\/option><option value=\"SL\">Sierra Leone<\/option><option value=\"SG\">Singapur<\/option><option value=\"SK\">Slowakei<\/option><option value=\"SI\">Slovenien<\/option><option value=\"SB\">Salomonen<\/option><option value=\"SO\">Somalia<\/option><option value=\"ZA\">S\u00fcdafrika<\/option><option value=\"GS\">S\u00fcdgeorgien und die S\u00fcdlichen Sandwichinseln<\/option><option value=\"KR\">S\u00fcdkorea<\/option><option value=\"SS\">S\u00fcdsudan<\/option><option value=\"ES\">Spanien<\/option><option value=\"LK\">Sri Lanka<\/option><option value=\"SD\">Sudan<\/option><option value=\"SR\">Surinam<\/option><option value=\"SJ\">Svalbard und Jan Mayen<\/option><option value=\"SZ\">Swasiland<\/option><option value=\"SE\">Schweden<\/option><option value=\"CH\">Schweiz<\/option><option value=\"SY\">Syrien<\/option><option value=\"TW\">Taiwan<\/option><option value=\"TJ\">Tadschikistan<\/option><option value=\"TZ\">Tanzania<\/option><option value=\"TH\">Thailand<\/option><option value=\"TL\">Osttimor<\/option><option value=\"TG\">Togo<\/option><option value=\"TK\">Tokelau<\/option><option value=\"TO\">Tonga<\/option><option value=\"TT\">Trinidad und Tobago<\/option><option value=\"TN\">Tunesien<\/option><option value=\"TR\">T\u00fcrkei<\/option><option value=\"TM\">Turkmenistan<\/option><option value=\"TC\">Turks- und Caicosinseln<\/option><option value=\"TV\">Tuvalu<\/option><option value=\"UG\">Uganda<\/option><option value=\"UA\">Ukraine<\/option><option value=\"AE\">Vereinigte Arabische Emirate<\/option><option value=\"UY\">Uruguay<\/option><option value=\"UZ\">Usbekistan<\/option><option value=\"VU\">Vanuatu<\/option><option value=\"VA\">Vatikanstadt<\/option><option value=\"VE\">Venezuela<\/option><option value=\"VN\">Vietnam<\/option><option value=\"WF\">Wallis und Futuna<\/option><option value=\"EH\">Westsahara<\/option><option value=\"WS\">West-Samoa<\/option><option value=\"YE\">Jemen<\/option><option value=\"ZM\">Sambia<\/option><option value=\"ZW\">Simbabwe<\/option><\/select><\/div>\n<div class=\"vfb-form-group\" style=\"\"><label for=\"vfb-field-5-city\" class=\"vfb-address-label\">Stadt<\/label><input id=\"vfb-field-5-city\" class=\"vfb-form-control vfb-addresspart-city\" placeholder=\"\" required=\"required\" type=\"text\" name=\"vfb-field-5[city]\"><\/div>\n<div class=\"vfb-form-group\" style=\"\"><label for=\"vfb-field-5-province\" class=\"vfb-address-label\">Provinz<\/label><select id=\"vfb-field-5-province\" class=\"vfb-form-control vfb-addresspart-province\" placeholder=\"\" required=\"required\" name=\"vfb-field-5[province]\"><option value=\"\"><\/option><option value=\"AL\">Alabama<\/option><option value=\"AK\">Alaska<\/option><option value=\"AZ\">Arizona<\/option><option value=\"AR\">Arkansas<\/option><option value=\"CA\">Kalifornien<\/option><option value=\"CO\">Colorado<\/option><option value=\"CT\">Connecticut<\/option><option value=\"DE\">Delaware<\/option><option value=\"DC\">District of Columbia<\/option><option value=\"FL\">Florida<\/option><option value=\"GA\">Georgia (Georgia)<\/option><option value=\"HI\">Hawaii<\/option><option value=\"ID\">Idaho<\/option><option value=\"IL\">Illinois<\/option><option value=\"IN\">Indiana<\/option><option value=\"IA\">Iowa<\/option><option value=\"KS\">Kansas<\/option><option value=\"KY\">Kentucky<\/option><option value=\"LA\">Louisiana<\/option><option value=\"ME\">Maine<\/option><option value=\"MD\">Maryland<\/option><option value=\"MA\">Massachusetts<\/option><option value=\"MI\">Michigan<\/option><option value=\"MN\">Minnesota<\/option><option value=\"MS\">Mississippi<\/option><option value=\"MO\">Missouri<\/option><option value=\"MT\">Montana<\/option><option value=\"NE\">Nebraska<\/option><option value=\"NV\">Nevada<\/option><option value=\"NH\">New Hampshire<\/option><option value=\"NJ\">New Jersey<\/option><option value=\"NM\">New Mexico<\/option><option value=\"NY\">New York<\/option><option value=\"NC\">North Carolina<\/option><option value=\"ND\">North Dakota<\/option><option value=\"OH\">Ohio<\/option><option value=\"OK\">Oklahoma<\/option><option value=\"OR\">Oregon<\/option><option value=\"PA\">Pennsylvania<\/option><option value=\"RI\">Rhode Island<\/option><option value=\"SC\">South Carolina<\/option><option value=\"SD\">South Dakota<\/option><option value=\"TN\">Tennessee<\/option><option value=\"TX\">Texas<\/option><option value=\"UT\">Utah<\/option><option value=\"VT\">Vermont<\/option><option value=\"VA\">Virginia<\/option><option value=\"WA\">Washington<\/option><option value=\"WV\">West Virginia<\/option><option value=\"WI\">Wisconsin<\/option><option value=\"WY\">Wyoming<\/option><option value=\"AA\">Streikr\u00e4fte (AA)<\/option><option value=\"AE\">Streikr\u00e4fte (AE)<\/option><option value=\"AP\">Streikr\u00e4fte (AP)<\/option><option value=\"AS\">Amerikanisch-Samoa<\/option><option value=\"GU\">Guam<\/option><option value=\"MP\">N\u00f6rdliche Marianen<\/option><option value=\"PR\">Puerto Rico<\/option><option value=\"UM\">Kleinere Inselbesitzungen der Vereinigten Staaten<\/option><option value=\"VI\">Amerikanische Jungferninseln<\/option><\/select><\/div>\n<div class=\"vfb-form-group\" style=\"\"><label for=\"vfb-field-5-zip\" class=\"vfb-address-label\">Postleitzahl<\/label><input id=\"vfb-field-5-zip\" class=\"vfb-form-control vfb-addresspart-zip\" placeholder=\"\" required=\"required\" type=\"text\" name=\"vfb-field-5[zip]\"><\/div>\n<\/div>\n<\/div>\n<\/div>\n<div class=\"vfb-clearfix\"><\/div>\n<div class=\"vfb-col-12 vfb-fieldType-phone\" id=\"vfbField6\">\n<div class=\"vfb-form-group\"><label for=\"vfb-field-6\" class=\"vfb-control-label\">Phone <span class=\"vfb-required-asterisk\">*<\/span><\/label><\/p>\n<div><input id=\"vfb-field-6\" class=\"vfb-form-control vfb-intl-phone\" placeholder=\"\" required=\"required\" type=\"tel\" name=\"vfb-field-6\" value=\"\"><\/div>\n<\/div>\n<\/div>\n<div class=\"vfb-clearfix\"><\/div>\n<div class=\"vfb-col-12 vfb-fieldType-select\" id=\"vfbField7\"><label for=\"vfb-field-7\" class=\"vfb-control-label\">Which type of instrument did you purchase? <span class=\"vfb-required-asterisk\">*<\/span><\/label><\/p>\n<div>\n<div class=\"vfb-form-group\"><select id=\"vfb-field-7\" class=\"vfb-form-control\" placeholder=\"\" required=\"required\" name=\"vfb-field-7\"><option value=\"Oboe\">Oboe<\/option><option value=\"English Horn\">English Horn<\/option><option value=\"Oboe d&#039;Amore\">Oboe d'Amore<\/option><option value=\"Bass Oboe\">Bass Oboe<\/option><\/select><\/div>\n<\/div>\n<\/div>\n<div class=\"vfb-clearfix\"><\/div>\n<div class=\"vfb-col-12 vfb-fieldType-text\" id=\"vfbField8\">\n<div class=\"vfb-form-group\"><label for=\"vfb-field-8\" class=\"vfb-control-label\">What is the model of your instrument? <span class=\"vfb-required-asterisk\">*<\/span><\/label><\/p>\n<div><input id=\"vfb-field-8\" class=\"vfb-form-control\" placeholder=\"\" required=\"required\" type=\"text\" name=\"vfb-field-8\" value=\"\"><\/div>\n<\/div>\n<\/div>\n<div class=\"vfb-clearfix\"><\/div>\n<div class=\"vfb-col-12 vfb-fieldType-text\" id=\"vfbField9\">\n<div class=\"vfb-form-group\"><label for=\"vfb-field-9\" class=\"vfb-control-label\">What is your instrument\\'s serial number? <span class=\"vfb-required-asterisk\">*<\/span><\/label><\/p>\n<div><input id=\"vfb-field-9\" class=\"vfb-form-control\" placeholder=\"\" required=\"required\" type=\"text\" name=\"vfb-field-9\" value=\"\"><\/div>\n<\/div>\n<\/div>\n<div class=\"vfb-clearfix\"><\/div>\n<div class=\"vfb-col-12 vfb-fieldType-select\" id=\"vfbField10\"><label for=\"vfb-field-10\" class=\"vfb-control-label\">Where did you purchase your instrument? <span class=\"vfb-required-asterisk\">*<\/span><\/label><\/p>\n<div>\n<div class=\"vfb-form-group\"><select id=\"vfb-field-10\" class=\"vfb-form-control\" placeholder=\"\" required=\"required\" name=\"vfb-field-10\"><option value=\"From a local dealer\">From a local dealer<\/option><option value=\"From an Internet generalist retailer (ex: Amazon)\">From an Internet generalist retailer (ex: Amazon)<\/option><option value=\"From an online music store (ex: Music &amp; Arts, Thomann,...)\">From an online music store (ex: Music & Arts, Thomann,...)<\/option><\/select><\/div>\n<\/div>\n<\/div>\n<div class=\"vfb-clearfix\"><\/div>\n<div class=\"vfb-col-12 vfb-fieldType-radio\" id=\"vfbField12\"><label for=\"vfb-field-12\" class=\"vfb-control-label\">Do you want to subscribe to our newsletter? <span class=\"vfb-required-asterisk\">*<\/span><\/label><\/p>\n<div>\n<div class=\"vfb-radio\"><label><input id=\"vfb-field-12-0\" class=\"\" placeholder=\"\" required=\"required\" type=\"radio\" name=\"vfb-field-12\" value=\"Yes, I do\">Yes, I do<\/label><\/div>\n<div class=\"vfb-radio\"><label><input id=\"vfb-field-12-1\" class=\"\" placeholder=\"\" required=\"required\" type=\"radio\" name=\"vfb-field-12\" value=\"No, I don\\&#039;t\">No, I don\\'t<\/label><\/div>\n<\/div>\n<\/div>\n<div class=\"vfb-clearfix\"><\/div>\n<div class=\"vfb-col-12 vfb-fieldType-captcha\" id=\"vfbField32\">\n<div class=\"vfb-form-group\">\n<div>\n<div class=\"g-recaptcha-v3\" data-sitekey=\"6LeMmL4aAAAAAFvCRjSGxhWQ1UjSQfzNTV1hUQDd\"><\/div>\n<p><input type=\"hidden\" name=\"_vfb_recaptcha_enabled\" value=\"1\" id=\"\"><input type=\"hidden\" id=\"g-recaptcha-response\" name=\"g-recaptcha-response\"><\/p>\n<div class=\"vfb-has-error\" id=\"vfb-recaptcha-error\"><span class=\"vfb-help-block\">reCAPTCHA erforderlich.<\/span><\/div>\n<\/div>\n<\/div>\n<\/div>\n<div class=\"vfb-clearfix\"><\/div>\n<div class=\"vfb-col-12 vfb-fieldType-submit\" id=\"vfbField15\"><button id=\"vfb-field-15\" class=\" btn btn-primary\" placeholder=\"\" type=\"submit\" name=\"_vfb-submit\">Envoyer<\/button><\/div>\n<div class=\"vfb-clearfix\"><\/div>\n<\/form>\n","protected":false},"excerpt":{"rendered":"<p>Liebe Musikerin, lieber Musiker, vielen Dank, dass Sie sich f\u00fcr Rigoutat entschieden haben. Um den Wert Ihres Instruments zu erhalten, bedarf es einer regelm\u00e4\u00dfigen Pflege. Diese Seite enth\u00e4lt n\u00fctzliche Informationen hinsichtlich Wartung und Gew\u00e4hrleistung. Bitte lesen Sie diese sorgf\u00e4ltig durch und kontaktieren bei Bedarf Ihren H\u00e4ndler. &nbsp;<\/p>\n","protected":false},"author":12,"featured_media":0,"parent":0,"menu_order":0,"comment_status":"closed","ping_status":"closed","template":"","meta":{"_acf_changed":false,"_relevanssi_hide_post":"","_relevanssi_pin_for_all":"","_relevanssi_pin_keywords":"","_relevanssi_unpin_keywords":"","_relevanssi_related_keywords":"","_relevanssi_related_include_ids":"","_relevanssi_related_exclude_ids":"","_relevanssi_related_no_append":"","_relevanssi_related_not_related":"","_relevanssi_related_posts":"","_relevanssi_noindex_reason":"","footnotes":""},"class_list":["post-936","page","type-page","status-publish","hentry"],"acf":[],"_links":{"self":[{"href":"http:\/\/rigoutat.buffet-multisite.buffet-preprod-02.modulodigital.com\/de\/wp-json\/wp\/v2\/pages\/936","targetHints":{"allow":["GET"]}}],"collection":[{"href":"http:\/\/rigoutat.buffet-multisite.buffet-preprod-02.modulodigital.com\/de\/wp-json\/wp\/v2\/pages"}],"about":[{"href":"http:\/\/rigoutat.buffet-multisite.buffet-preprod-02.modulodigital.com\/de\/wp-json\/wp\/v2\/types\/page"}],"author":[{"embeddable":true,"href":"http:\/\/rigoutat.buffet-multisite.buffet-preprod-02.modulodigital.com\/de\/wp-json\/wp\/v2\/users\/12"}],"replies":[{"embeddable":true,"href":"http:\/\/rigoutat.buffet-multisite.buffet-preprod-02.modulodigital.com\/de\/wp-json\/wp\/v2\/comments?post=936"}],"version-history":[{"count":4,"href":"http:\/\/rigoutat.buffet-multisite.buffet-preprod-02.modulodigital.com\/de\/wp-json\/wp\/v2\/pages\/936\/revisions"}],"predecessor-version":[{"id":1188,"href":"http:\/\/rigoutat.buffet-multisite.buffet-preprod-02.modulodigital.com\/de\/wp-json\/wp\/v2\/pages\/936\/revisions\/1188"}],"wp:attachment":[{"href":"http:\/\/rigoutat.buffet-multisite.buffet-preprod-02.modulodigital.com\/de\/wp-json\/wp\/v2\/media?parent=936"}],"curies":[{"name":"wp","href":"https:\/\/api.w.org\/{rel}","templated":true}]}}